{"id":5823,"date":"2016-10-10T09:19:01","date_gmt":"2016-10-10T09:19:01","guid":{"rendered":"http:\/\/demo.wpzoom.com\/academica-pro-3\/?page_id=5823"},"modified":"2020-11-24T19:11:28","modified_gmt":"2020-11-24T19:11:28","slug":"admissions","status":"publish","type":"page","link":"https:\/\/esss.edu.ar\/?page_id=5823","title":{"rendered":"T\u00e9cnico Superior en Administraci\u00f3n de Recursos Humanos"},"content":{"rendered":"\n<h3 class=\"wp-block-heading\">\u00bfDe qu\u00e9 se trata?<\/h3>\n\n\n\n<p>La administraci\u00f3n de empresas denomina recursos humanos al trabajo que aporta el conjunto de los empleados o colaboradores de esa organizaci\u00f3n. Pero lo m\u00e1s frecuente es llamar as\u00ed a la funci\u00f3n que se ocupa de seleccionar, contratar, formar, emplear y retener a los colaboradores de la organizaci\u00f3n. Estas tareas las puede desempe\u00f1ar una persona o departamento en concreto (los profesionales en Recursos Humanos) junto a los directivos de la organizaci\u00f3n.<\/p>\n\n\n\n<h3 class=\"wp-block-heading\">Perfil del egresado<\/h3>\n\n\n\n<p>El \u00abT\u00e9cnico Superior en Administraci\u00f3n en Recursos Humanos\u00bb es un profesional competente para:<\/p>\n\n\n\n<ul class=\"wp-block-list\"><li>Aplicar los conocimientos adquiridos en el \u00e1rea de Recursos Humanos en lo referente a: reclutamiento y selecci\u00f3n, capacitaci\u00f3n y desarrollo, sueldos y compensaciones, desarrollo organizacional, relaciones laborales, con un pensamiento constructivo y deductivo.<\/li><li>Participar en la toma de decisiones dentro del proceso de planeaci\u00f3n, organizaci\u00f3n, direcci\u00f3n y control de recursos necesarios para promover la eficiencia de la gesti\u00f3n de recursos humanos en las organizaciones.<\/li><li>Analizar las diversas alternativas con las que cuenta la organizaci\u00f3n para manejar efectiva y eficientemente los recursos y herramientas para atraer, retener y desarrollar el talento humano.<\/li><li>Manejar las principales variables internas y externas para dise\u00f1ar escenarios alternativos que sirvan en el proceso de planeaci\u00f3n estrat\u00e9gica de recursos humanos en la empresa.<\/li><\/ul>\n\n\n\n<h3 class=\"wp-block-heading\">Plan de estudio<\/h3>\n\n\n<p>[tabs]<\/p>\n<p>[tab title=\u00bbPrimer a\u00f1o\u00bb]<\/p>\n<p>Matem\u00e1tica I<br \/>\nComputaci\u00f3n I<br \/>\nDerecho<br \/>\nEconom\u00eda<br \/>\nContabilidad<br \/>\nSociolog\u00eda de la Organizaci\u00f3n<br \/>\nPrincipios de Administraci\u00f3n<br \/>\nMetodolog\u00eda de la Investigaci\u00f3n<br \/>\nAdministraci\u00f3n de Personal<br \/>\nEspacio de Definici\u00f3n Institucional[\/tab]<\/p>\n<p>[tab title=\u00bbSegundo a\u00f1o\u00bb]<\/p>\n<p>Matem\u00e1tica II<br \/>\nEstad\u00edstica<br \/>\nIngl\u00e9s I<br \/>\nComputaci\u00f3n II<br \/>\nSeguridad Social<br \/>\nPsicolog\u00eda Laboral<br \/>\nSeguridad e Higiene del Trabajo<br \/>\nRelaciones Laborales<br \/>\nDerecho Laboral<br \/>\nPr\u00e1ctica Profesional<br \/>\nEspacio de Definici\u00f3n Institucional[\/tab]<\/p>\n<p>[tab title=\u00bbTercer a\u00f1o\u00bb]<\/p>\n<p>Ingl\u00e9s II<br \/>\nLiquidaci\u00f3n de Sueldos y Jornales<br \/>\nSelecci\u00f3n de Personal, Evaluaci\u00f3n y Capacitaci\u00f3n<br \/>\nDin\u00e1mica Grupal<br \/>\nAdministraci\u00f3n Estrat\u00e9gica de los Recursos Humanos<br \/>\nComunicaci\u00f3n Organizacional<br \/>\nPr\u00e1ctica Profesional II<br \/>\nEspacio de Definici\u00f3n Institucional[\/tab] [\/tabs]<\/p>\n\n\n\n<h3 class=\"wp-block-heading\">Descargas<\/h3>\n\n\n\n<ul class=\"wp-block-list\"><li><a href=\"https:\/\/esss.edu.ar\/wp-content\/uploads\/2020\/11\/folleto-recursos-humanos.pdf\" target=\"_blank\" rel=\"noreferrer noopener\" aria-label=\" (se abre en una nueva pesta\u00f1a)\">Folleto informativo sobre la carrera<\/a><\/li><li><a href=\"https:\/\/esss.edu.ar\/wp-content\/uploads\/2020\/11\/plan-de-estudios-recursos-humanos.pdf\" target=\"_blank\" rel=\"noreferrer noopener\" aria-label=\" (se abre en una nueva pesta\u00f1a)\">Plan de estudio aprobado por la DGCyE (Pcia. de Bs. As.)<\/a><\/li><li><a href=\"https:\/\/esss.edu.ar\/wp-content\/uploads\/2020\/11\/solicitud-de-inscripcion-2021.pdf\" target=\"_blank\" rel=\"noreferrer noopener\" aria-label=\" (se abre en una nueva pesta\u00f1a)\">Solicitud de inscripci\u00f3n<\/a><\/li><\/ul>\n","protected":false},"excerpt":{"rendered":"<p>\u00bfDe qu\u00e9 se trata? La administraci\u00f3n de empresas denomina recursos humanos al trabajo que aporta el conjunto de los empleados o colaboradores de esa organizaci\u00f3n. Pero lo m\u00e1s frecuente es [&hellip;]<\/p>\n","protected":false},"author":1,"featured_media":5931,"parent":0,"menu_order":0,"comment_status":"closed","ping_status":"closed","template":"template-noright.php","meta":{"_monsterinsights_skip_tracking":false,"_monsterinsights_sitenote_active":false,"_monsterinsights_sitenote_note":"","_monsterinsights_sitenote_category":0,"footnotes":""},"class_list":["post-5823","page","type-page","status-publish","has-post-thumbnail","hentry"],"aioseo_notices":[],"_links":{"self":[{"href":"https:\/\/esss.edu.ar\/index.php?rest_route=\/wp\/v2\/pages\/5823","targetHints":{"allow":["GET"]}}],"collection":[{"href":"https:\/\/esss.edu.ar\/index.php?rest_route=\/wp\/v2\/pages"}],"about":[{"href":"https:\/\/esss.edu.ar\/index.php?rest_route=\/wp\/v2\/types\/page"}],"author":[{"embeddable":true,"href":"https:\/\/esss.edu.ar\/index.php?rest_route=\/wp\/v2\/users\/1"}],"replies":[{"embeddable":true,"href":"https:\/\/esss.edu.ar\/index.php?rest_route=%2Fwp%2Fv2%2Fcomments&post=5823"}],"version-history":[{"count":7,"href":"https:\/\/esss.edu.ar\/index.php?rest_route=\/wp\/v2\/pages\/5823\/revisions"}],"predecessor-version":[{"id":6264,"href":"https:\/\/esss.edu.ar\/index.php?rest_route=\/wp\/v2\/pages\/5823\/revisions\/6264"}],"wp:featuredmedia":[{"embeddable":true,"href":"https:\/\/esss.edu.ar\/index.php?rest_route=\/"}],"wp:attachment":[{"href":"https:\/\/esss.edu.ar\/index.php?rest_route=%2Fwp%2Fv2%2Fmedia&parent=5823"}],"curies":[{"name":"wp","href":"https:\/\/api.w.org\/{rel}","templated":true}]}}